{"id":120,"date":"2011-04-05T23:13:14","date_gmt":"2011-04-05T23:13:14","guid":{"rendered":"http:\/\/riisa.net\/?page_id=120"},"modified":"2013-03-10T18:45:47","modified_gmt":"2013-03-10T15:45:47","slug":"mika-kuka-miksi","status":"publish","type":"page","link":"https:\/\/riisa.net\/index.php\/mika-kuka-miksi\/","title":{"rendered":"Mik\u00e4? Kuka? Miksi?"},"content":{"rendered":"<p>Olen Liisa Stenberg (aka Riisa, etunimeni japanilaisittain lausuttuna), <a href=\"http:\/\/www.riidesign.com\" target=\"_blank\">graafinen suunnittelija<\/a>, kuvittaja ja kirjoittaja, jonka kiinnostus kaikenlaiseen lifestyle-toimittamiseen alkoi jossain vaiheessa muuttua niin ylitsevuotavaksi ja kaikkiruokaiseksi, ett\u00e4 oman blogin yll\u00e4pit\u00e4minen jokaiselle kiinnostukseni osa-alueelle tuntui mahdottomalta teht\u00e4v\u00e4lt\u00e4.<\/p>\n<p>Kiinnostukseni tiettyihin asioihin on pysyv\u00e4\u00e4, mutta melko vaiheittaista. V\u00e4lill\u00e4 minua huvittaisi vain piirt\u00e4\u00e4. Voisin maalailla p\u00e4iv\u00e4n toisensa j\u00e4lkeen tai raapustella tussiter\u00e4ll\u00e4 luonnoslehti\u00f6llisen ep\u00e4m\u00e4\u00e4r\u00e4isi\u00e4 hahmoja ja maisemia. Toisinaan uppoudun viikoiksi selailemaan sisustuslehti\u00e4, suunnittelemaan uutta j\u00e4rjestyst\u00e4 kirjahyllyyn tai pohtimaan mist\u00e4 l\u00f6yt\u00e4isin t\u00e4ydellisi\u00e4 purnukoita keitti\u00f6\u00f6n. Seuraavassa kuussa voi olla, ett\u00e4 en lue paljon muuta kuin ammattialan kirjallisuutta tai selaa design-blogeja etsiess\u00e4ni inspiraatiota tuleviin ty\u00f6projekteihin. Joskus taas on niit\u00e4 hetki\u00e4, kun haluaisin vain ottaa l\u00e4pp\u00e4rin, ampaista tunnelmalliseen kahvilaan ja kirjoittaa kirjoittamisen ilosta. Kahvilatuokioiden lomassa voisin v\u00e4lill\u00e4 vaellella kotikaupungin kaduilla kameran laukaisin laulaen.<\/p>\n<p>Koska kiinnostukseni ailahtelee, muuttuu ja el\u00e4\u00e4, p\u00e4\u00e4tin, ett\u00e4 kokoan yhden sivuston alle kaikkien aikaisempien blogieni aiheet, sill\u00e4 loppujen lopuksi kaikkea tekemist\u00e4ni yhdist\u00e4\u00e4 innostus luovuuteen, visuaalisuuteen, kotiin ja nautiskeluun. Ihan t\u00e4ydellisest\u00e4 sillisalaatista ei siis ole kyse, mutta toisaalta lukijat voivat selkeiden kategorioiden avulla lukea juuri heit\u00e4 kiinnostavista asioista \u2013 mik\u00e4li ruoanlaitto ei voisi v\u00e4hemp\u00e4\u00e4 kiinnostaa, voit siis aivan huoletta syventy\u00e4 vain vaikkapa sisustuspostauksiini, k\u00e4dentaito-osioon tai matkavinkkeihin.<\/p>\n<p>Toivottavasti viihdyt!<\/p>\n<p>Liisa \/ Riisa<\/p>\n","protected":false},"excerpt":{"rendered":"<p>Olen Liisa Stenberg (aka Riisa, etunimeni japanilaisittain lausuttuna), graafinen suunnittelija, kuvittaja ja kirjoittaja, jonka kiinnostus kaikenlaiseen lifestyle-toimittamiseen alkoi jossain vaiheessa muuttua niin ylitsevuotavaksi ja kaikkiruokaiseksi, &hellip;<\/p>\n","protected":false},"author":1,"featured_media":0,"parent":0,"menu_order":0,"comment_status":"open","ping_status":"open","template":"","meta":{"advanced_seo_description":"","jetpack_seo_html_title":"","jetpack_seo_noindex":false,"jetpack_post_was_ever_published":false,"footnotes":""},"class_list":["post-120","page","type-page","status-publish","hentry"],"jetpack_sharing_enabled":true,"jetpack_shortlink":"https:\/\/wp.me\/P9vavA-1W","jetpack_likes_enabled":true,"jetpack-related-posts":[{"id":1602,"url":"https:\/\/riisa.net\/index.php\/mainostaminen-ja-yhteistyo\/","url_meta":{"origin":120,"position":0},"title":"Mainostaminen ja yhteisty\u00f6","author":"Riisa","date":"24.3.2014","format":false,"excerpt":"Riisa.net on henkil\u00f6kohtainen blogini, jonka tarkoitus on jakaa lukijoille mielenkiintoista tietoa kirjoittajaa kiinnostavista aihepiireist\u00e4 ja t\u00e4ten my\u00f6s antaa minulle kirjoittajana mahdollisuus itseni ilmaisuun. Riisa.netin yll\u00e4pitoa rahoitetaan osin sivustolta saatavilla mainostuloilla. Kaikki mainokset, jota sivuilleni hyv\u00e4ksyn, sis\u00e4lt\u00e4v\u00e4t ilmoituksia ja tarjouksia sellaisilta br\u00e4ndeilt\u00e4 ja yhteisty\u00f6kumppaneilta, joista my\u00f6s itse voisin olla kiinnostunut. [divider]\u2026","rel":"","context":"Samankaltainen artikkeli","block_context":{"text":"Samankaltainen artikkeli","link":""},"img":{"alt_text":"","src":"","width":0,"height":0},"classes":[]},{"id":792,"url":"https:\/\/riisa.net\/index.php\/ota-yhteytta\/","url_meta":{"origin":120,"position":1},"title":"Tutustu portfoliooni ja ota yhteytt\u00e4!","author":"Riisa","date":"16.5.2011","format":false,"excerpt":"Tarvitsetko kuvittajaa tai graafikkoa? Haluatko kysy\u00e4 jotakin blogiin liittyen? Parhaiten minuun saa yhteyden s\u00e4hk\u00f6postitse. Vieraile t\u00f6ihini ja graafiseen suunnitteluun keskittyneell\u00e4 sivustollani riidesign.com. L\u00e4het\u00e4n my\u00f6s CV:ni mielell\u00e4ni luettavaksesi. Ollaan yhteyksiss\u00e4! Liisa Stenberg mail (\u00e4t) riisa.net","rel":"","context":"Samankaltainen artikkeli","block_context":{"text":"Samankaltainen artikkeli","link":""},"img":{"alt_text":"","src":"","width":0,"height":0},"classes":[]}],"_links":{"self":[{"href":"https:\/\/riisa.net\/index.php\/wp-json\/wp\/v2\/pages\/120","targetHints":{"allow":["GET"]}}],"collection":[{"href":"https:\/\/riisa.net\/index.php\/wp-json\/wp\/v2\/pages"}],"about":[{"href":"https:\/\/riisa.net\/index.php\/wp-json\/wp\/v2\/types\/page"}],"author":[{"embeddable":true,"href":"https:\/\/riisa.net\/index.php\/wp-json\/wp\/v2\/users\/1"}],"replies":[{"embeddable":true,"href":"https:\/\/riisa.net\/index.php\/wp-json\/wp\/v2\/comments?post=120"}],"version-history":[{"count":5,"href":"https:\/\/riisa.net\/index.php\/wp-json\/wp\/v2\/pages\/120\/revisions"}],"predecessor-version":[{"id":658,"href":"https:\/\/riisa.net\/index.php\/wp-json\/wp\/v2\/pages\/120\/revisions\/658"}],"wp:attachment":[{"href":"https:\/\/riisa.net\/index.php\/wp-json\/wp\/v2\/media?parent=120"}],"curies":[{"name":"wp","href":"https:\/\/api.w.org\/{rel}","templated":true}]}}