{"id":1602,"date":"2014-03-24T00:06:08","date_gmt":"2014-03-23T21:06:08","guid":{"rendered":"http:\/\/riisa.net\/?page_id=1602"},"modified":"2014-03-24T00:35:18","modified_gmt":"2014-03-23T21:35:18","slug":"mainostaminen-ja-yhteistyo","status":"publish","type":"page","link":"https:\/\/riisa.net\/index.php\/mainostaminen-ja-yhteistyo\/","title":{"rendered":"Mainostaminen ja yhteisty\u00f6"},"content":{"rendered":"<p>Riisa.net on henkil\u00f6kohtainen blogini, jonka tarkoitus on jakaa lukijoille mielenkiintoista tietoa kirjoittajaa kiinnostavista aihepiireist\u00e4 ja t\u00e4ten my\u00f6s antaa minulle kirjoittajana mahdollisuus itseni ilmaisuun.<\/p>\n<p>Riisa.netin yll\u00e4pitoa rahoitetaan osin sivustolta saatavilla mainostuloilla. Kaikki mainokset, jota sivuilleni hyv\u00e4ksyn, sis\u00e4lt\u00e4v\u00e4t ilmoituksia ja tarjouksia sellaisilta br\u00e4ndeilt\u00e4 ja yhteisty\u00f6kumppaneilta, joista my\u00f6s itse voisin olla kiinnostunut.<\/p>\n<p>[divider] [\/divider]<\/p>\n<h3>Mainosmuodot<\/h3>\n<ol>\n<li>Bannerimainontaa. Normaalit paikat blogin sivupalkissa ja postausten lopussa. Erityispaikat neuvoteltavissa.<\/li>\n<li>Yhteisty\u00f6postauksia tai Guest postauksia (postauksessa kerrotaan aina, mik\u00e4li kyseess\u00e4 on mainosyhteisty\u00f6)<\/li>\n<li>Linkkimainontaa affiliate-ohjelmissa, joiden ostojen tai klikkien kautta blogin on mahdollista saada pieni\u00e4 tuloja. Periaatteenani on sijoittaa n\u00e4it\u00e4 mainoslinkkej\u00e4 kuitenkin vain sellaisiin yhteyksiin, joissa luonnollisestikin muutenkin linkitt\u00e4isin ulos sivustoltani (esimerkiksi matkailupostauksessa linkki vierailemani hotellin varaussivulle tai tyylipostauksessa linkki tuotteeseen sit\u00e4 myyv\u00e4\u00e4n verkkokauppaan). Erillisi\u00e4 mainostajan maksamia linkkej\u00e4 l\u00f6ytyy vain yhteisty\u00f6-postauksista, jotka on merkattu erikseen.<\/li>\n<\/ol>\n<p>[divider] [\/divider]<\/p>\n<h3>Br\u00e4ndit<\/h3>\n<p><strong>Riisa.netiin sopivia yhteisty\u00f6kumppaneja ovat esimerkiksi seuraavantyyppiset mainostajat:<\/strong><\/p>\n<p>[yes_list]<\/p>\n<ul>\n<li>Blogin aihepiireihin, kuten ruokaan, matkailuun, sisustukseen tai hyv\u00e4\u00e4n oloon liittyv\u00e4t br\u00e4ndit<\/li>\n<li>Tunnetut, tai muuten luotettavat yritykset, joilla on hyv\u00e4 tausta<\/li>\n<li>Uudet, vasta markkinoille saapuvat br\u00e4ndit tai tuotteet, joiden uskon kiinnostavan lukijoitani<\/li>\n<li>Erityismainintana Japaniin ja sen kulttuuriin liittyv\u00e4t yhteisty\u00f6t<\/li>\n<\/ul>\n<p>[\/yes_list]<\/p>\n<p>&nbsp;<\/p>\n<p><strong>En ole kiinnostunut yhteisty\u00f6st\u00e4 seuraavanlaisten toimijoiden kanssa:<br \/>\n<\/strong><\/p>\n<p>[no_list]<\/p>\n<ul>\n<li>Online-uhkapelit tai muut rahapelit<\/li>\n<li>Pikavipit, laina- tai rahoituslaitokset<\/li>\n<\/ul>\n<p>[\/no_list]<\/p>\n<p>&nbsp;<\/p>\n<p>[divider] [\/divider]<\/p>\n<h3>Yhteystiedot<\/h3>\n<p>Jos olet kiinnostunut mainosyhteisty\u00f6st\u00e4, ota minuun yhteytt\u00e4 s\u00e4hk\u00f6postitse.<br \/>\n[notification type=&#8221;notification_info&#8221; ]mail \u00e4t riisa.net[\/notification]<\/p>\n<p>&nbsp;<\/p>\n<p>&nbsp;<\/p>\n","protected":false},"excerpt":{"rendered":"<p>Riisa.net on henkil\u00f6kohtainen blogini, jonka tarkoitus on jakaa lukijoille mielenkiintoista tietoa kirjoittajaa kiinnostavista aihepiireist\u00e4 ja t\u00e4ten my\u00f6s antaa minulle kirjoittajana mahdollisuus itseni ilmaisuun. Riisa.netin yll\u00e4pitoa &hellip;<\/p>\n","protected":false},"author":2,"featured_media":0,"parent":0,"menu_order":0,"comment_status":"open","ping_status":"open","template":"","meta":{"advanced_seo_description":"","jetpack_seo_html_title":"","jetpack_seo_noindex":false,"jetpack_post_was_ever_published":false,"footnotes":""},"class_list":["post-1602","page","type-page","status-publish","hentry"],"jetpack_sharing_enabled":true,"jetpack_shortlink":"https:\/\/wp.me\/P9vavA-pQ","jetpack_likes_enabled":true,"jetpack-related-posts":[{"id":120,"url":"https:\/\/riisa.net\/index.php\/mika-kuka-miksi\/","url_meta":{"origin":1602,"position":0},"title":"Mik\u00e4? Kuka? Miksi?","author":"Liisa Stenberg","date":"5.4.2011","format":false,"excerpt":"Olen Liisa Stenberg (aka Riisa, etunimeni japanilaisittain lausuttuna), graafinen suunnittelija, kuvittaja ja kirjoittaja, jonka kiinnostus kaikenlaiseen lifestyle-toimittamiseen alkoi jossain vaiheessa muuttua niin ylitsevuotavaksi ja kaikkiruokaiseksi, ett\u00e4 oman blogin yll\u00e4pit\u00e4minen jokaiselle kiinnostukseni osa-alueelle tuntui mahdottomalta teht\u00e4v\u00e4lt\u00e4. Kiinnostukseni tiettyihin asioihin on pysyv\u00e4\u00e4, mutta melko vaiheittaista. V\u00e4lill\u00e4 minua huvittaisi vain piirt\u00e4\u00e4. Voisin maalailla\u2026","rel":"","context":"Samankaltainen artikkeli","block_context":{"text":"Samankaltainen artikkeli","link":""},"img":{"alt_text":"","src":"","width":0,"height":0},"classes":[]},{"id":792,"url":"https:\/\/riisa.net\/index.php\/ota-yhteytta\/","url_meta":{"origin":1602,"position":1},"title":"Tutustu portfoliooni ja ota yhteytt\u00e4!","author":"Riisa","date":"16.5.2011","format":false,"excerpt":"Tarvitsetko kuvittajaa tai graafikkoa? Haluatko kysy\u00e4 jotakin blogiin liittyen? Parhaiten minuun saa yhteyden s\u00e4hk\u00f6postitse. Vieraile t\u00f6ihini ja graafiseen suunnitteluun keskittyneell\u00e4 sivustollani riidesign.com. L\u00e4het\u00e4n my\u00f6s CV:ni mielell\u00e4ni luettavaksesi. Ollaan yhteyksiss\u00e4! Liisa Stenberg mail (\u00e4t) riisa.net","rel":"","context":"Samankaltainen artikkeli","block_context":{"text":"Samankaltainen artikkeli","link":""},"img":{"alt_text":"","src":"","width":0,"height":0},"classes":[]}],"_links":{"self":[{"href":"https:\/\/riisa.net\/index.php\/wp-json\/wp\/v2\/pages\/1602","targetHints":{"allow":["GET"]}}],"collection":[{"href":"https:\/\/riisa.net\/index.php\/wp-json\/wp\/v2\/pages"}],"about":[{"href":"https:\/\/riisa.net\/index.php\/wp-json\/wp\/v2\/types\/page"}],"author":[{"embeddable":true,"href":"https:\/\/riisa.net\/index.php\/wp-json\/wp\/v2\/users\/2"}],"replies":[{"embeddable":true,"href":"https:\/\/riisa.net\/index.php\/wp-json\/wp\/v2\/comments?post=1602"}],"version-history":[{"count":5,"href":"https:\/\/riisa.net\/index.php\/wp-json\/wp\/v2\/pages\/1602\/revisions"}],"predecessor-version":[{"id":2418,"href":"https:\/\/riisa.net\/index.php\/wp-json\/wp\/v2\/pages\/1602\/revisions\/2418"}],"wp:attachment":[{"href":"https:\/\/riisa.net\/index.php\/wp-json\/wp\/v2\/media?parent=1602"}],"curies":[{"name":"wp","href":"https:\/\/api.w.org\/{rel}","templated":true}]}}